{"id":2,"date":"2026-04-26T04:08:30","date_gmt":"2026-04-25T21:08:30","guid":{"rendered":"https:\/\/johnnysglenview.com\/?page_id=2"},"modified":"2026-04-28T18:03:17","modified_gmt":"2026-04-28T11:03:17","slug":"sample-page","status":"publish","type":"page","link":"https:\/\/johnnysglenview.com\/","title":{"rendered":"SV66 | SV66.COM s\u1ea3nh c\u00e1 c\u01b0\u1ee3c uy t\u00edn &#8211; truy c\u1eadp nh\u1eadn ngay giftcode 999k"},"content":{"rendered":"\t<div class=\"img has-hover x md-x lg-x y md-y lg-y\" id=\"image_24500636\">\n\t\t\t\t\t\t\t\t<div class=\"img-inner dark\" >\n\t\t\t<img loading=\"lazy\" decoding=\"async\" width=\"1020\" height=\"266\" src=\"https:\/\/johnnysglenview.com\/wp-content\/uploads\/2025\/12\/Thiet-ke-chua-co-ten-1-1024x267.png\" class=\"attachment-large size-large\" alt=\"\" srcset=\"https:\/\/johnnysglenview.com\/wp-content\/uploads\/2025\/12\/Thiet-ke-chua-co-ten-1-1024x267.png 1024w, https:\/\/johnnysglenview.com\/wp-content\/uploads\/2025\/12\/Thiet-ke-chua-co-ten-1-300x78.png 300w, https:\/\/johnnysglenview.com\/wp-content\/uploads\/2025\/12\/Thiet-ke-chua-co-ten-1-768x200.png 768w, https:\/\/johnnysglenview.com\/wp-content\/uploads\/2025\/12\/Thiet-ke-chua-co-ten-1-1536x400.png 1536w, https:\/\/johnnysglenview.com\/wp-content\/uploads\/2025\/12\/Thiet-ke-chua-co-ten-1.png 1920w\" sizes=\"auto, (max-width: 1020px) 100vw, 1020px\" \/>\t\t\t\t\t\t\n\t\t\t\t\t<\/div>\n\t\t\t\t\t\t\t\t\n<style>\n#image_24500636 {\n  width: 100%;\n}\n<\/style>\n\t<\/div>\n\t\n\n\t<section class=\"section\" id=\"section_970027452\">\n\t\t<div class=\"section-bg fill\" >\n\t\t\t\t\t\t\t\t\t\n\t\t\t\n\n\t\t<\/div>\n\n\t\t\n\n\t\t<div class=\"section-content relative\">\n\t\t\t\n<div class=\"container section-title-container\" ><h1 class=\"section-title section-title-center\"><b aria-hidden=\"true\"><\/b><span class=\"section-title-main\" style=\"color:#e13d3c;\">SV66 s\u1ea3nh c\u00e1 c\u01b0\u1ee3c uy t\u00edn - truy c\u1eadp nh\u1eadn ngay giftcode 999k<\/span><b aria-hidden=\"true\"><\/b><\/h1><\/div>\n<p data-path-to-node=\"0\"><span style=\"font-size: 14.4px;\"><a href=\"https:\/\/johnnysglenview.com\/\"><b style=\"font-size: 14.4px;\" data-path-to-node=\"4\" data-index-in-node=\"163\">SV66<\/b><\/a> \u0111ang v\u01b0\u01a1n l\u00ean nh\u01b0 m\u1ed9t trong nh\u1eefng \u0111i\u1ec3m \u0111\u1ebfn h\u00e0ng \u0111\u1ea7u \u0111\u01b0\u1ee3c c\u1ed9ng \u0111\u1ed3ng \u0111\u00e1nh gi\u00e1 cao. Gi\u1eefa s\u1ef1 b\u00f9ng n\u1ed5 c\u1ee7a c\u00e1c d\u1ecbch v\u1ee5 tr\u1ef1c tuy\u1ebfn, vi\u1ec7c l\u1ef1a ch\u1ecdn m\u1ed9t kh\u00f4ng gian th\u01b0 gi\u00e3n ch\u1ea5t l\u01b0\u1ee3ng v\u00e0 minh b\u1ea1ch l\u00e0 \u0111i\u1ec1u m\u00e0 nhi\u1ec1u ng\u01b0\u1eddi d\u00f9ng \u0111\u1eb7c bi\u1ec7t quan t\u00e2m.<\/span><\/p>\n<p data-path-to-node=\"5\">V\u1eady SV66 mang \u0111\u1ebfn nh\u1eefng ti\u1ec7n \u00edch g\u00ec v\u00e0 l\u00e0m th\u1ebf n\u00e0o \u0111\u1ec3 tham gia m\u1ed9t c\u00e1ch an to\u00e0n? D\u1ef1a tr\u00ean tr\u1ea3i nghi\u1ec7m th\u1ef1c t\u1ebf v\u00e0 ph\u00e2n t\u00edch chuy\u00ean s\u00e2u, b\u00e0i vi\u1ebft n\u00e0y s\u1ebd gi\u00fap b\u1ea1n hi\u1ec3u r\u00f5 h\u01a1n v\u1ec1 h\u1ec7 sinh th\u00e1i d\u1ecbch v\u1ee5 t\u1ea1i \u0111\u00e2y.<\/p>\n<h2 data-path-to-node=\"6\"><span class=\"ez-toc-section\" id=\"Tai_Sao_Nen_Tang_Giai_Tri_SV66_Thu_Hut_Dong_Dao_Nguoi_Dung\"><\/span>T\u1ea1i Sao N\u1ec1n T\u1ea3ng Gi\u1ea3i Tr\u00ed SV66 Thu H\u00fat \u0110\u00f4ng \u0110\u1ea3o Ng\u01b0\u1eddi D\u00f9ng?<span class=\"ez-toc-section-end\"><\/span><\/h2>\n<p data-path-to-node=\"7\">\u0110\u1ec3 x\u00e2y d\u1ef1ng \u0111\u01b0\u1ee3c s\u1ef1 tin t\u01b0\u1edfng b\u1ec1n v\u1eefng, <b data-path-to-node=\"7\" data-index-in-node=\"40\">SV66<\/b> \u0111\u00e3 kh\u00f4ng ng\u1eebng n\u00e2ng c\u1ea5p v\u00e0 t\u1ed1i \u01b0u h\u00f3a h\u1ec7 th\u1ed1ng d\u1ef1a tr\u00ean 3 ti\u00eau ch\u00ed c\u1ed1t l\u00f5i:<\/p>\n<figure id=\"attachment_44\" aria-describedby=\"caption-attachment-44\" style=\"width: 800px\" class=\"wp-caption aligncenter\"><img loading=\"lazy\" decoding=\"async\" class=\"size-full wp-image-44\" src=\"https:\/\/johnnysglenview.com\/wp-content\/uploads\/2025\/12\/thong-tin-khai-quat-ve-nen-tang-sv66.jpg\" alt=\"Th\u00f4ng tin kh\u00e1i qu\u00e1t v\u1ec1 n\u1ec1n t\u1ea3ng SV66\" width=\"800\" height=\"450\" srcset=\"https:\/\/johnnysglenview.com\/wp-content\/uploads\/2025\/12\/thong-tin-khai-quat-ve-nen-tang-sv66.jpg 800w, https:\/\/johnnysglenview.com\/wp-content\/uploads\/2025\/12\/thong-tin-khai-quat-ve-nen-tang-sv66-300x169.jpg 300w, https:\/\/johnnysglenview.com\/wp-content\/uploads\/2025\/12\/thong-tin-khai-quat-ve-nen-tang-sv66-768x432.jpg 768w\" sizes=\"auto, (max-width: 800px) 100vw, 800px\" \/><figcaption id=\"caption-attachment-44\" class=\"wp-caption-text\">Th\u00f4ng tin kh\u00e1i qu\u00e1t v\u1ec1 n\u1ec1n t\u1ea3ng SV66<\/figcaption><\/figure>\n<h3 data-path-to-node=\"8\"><span class=\"ez-toc-section\" id=\"Giao_Dien_Hien_Dai_Toi_Uu_Hoa_Trai_Nghiem_UX\"><\/span>Giao Di\u1ec7n Hi\u1ec7n \u0110\u1ea1i, T\u1ed1i \u01afu H\u00f3a Tr\u1ea3i Nghi\u1ec7m (UX)<span class=\"ez-toc-section-end\"><\/span><\/h3>\n<p data-path-to-node=\"9\">Thi\u1ebft k\u1ebf n\u1ec1n t\u1ea3ng \u0111\u1ec1 cao t\u00ednh tr\u1ef1c quan v\u00e0 th\u00e2n thi\u1ec7n. C\u00e1c chuy\u00ean m\u1ee5c \u0111\u01b0\u1ee3c s\u1eafp x\u1ebfp khoa h\u1ecdc, gi\u00fap ng\u01b0\u1eddi m\u1edbi c\u0169ng c\u00f3 th\u1ec3 thao t\u00e1c d\u1ec5 d\u00e0ng ch\u1ec9 sau v\u00e0i ph\u00fat l\u00e0m quen. \u0110\u1eb7c bi\u1ec7t, h\u1ec7 th\u1ed1ng ho\u1ea1t \u0111\u1ed9ng m\u01b0\u1ee3t m\u00e0 v\u00e0 t\u01b0\u01a1ng th\u00edch v\u1edbi m\u1ecdi thi\u1ebft b\u1ecb t\u1eeb m\u00e1y t\u00ednh (PC) \u0111\u1ebfn \u0111i\u1ec7n tho\u1ea1i th\u00f4ng minh, kh\u00f4ng g\u00e2y gi\u1eadt lag.<\/p>\n<p data-path-to-node=\"9\">Link truy c\u1eadp nhanh m\u1edbi nh\u1ea5t: <a href=\"https:\/\/johnnysglenview.com\/\">https:\/\/johnnysglenview.com\/<\/a><\/p>\n<h3 data-path-to-node=\"10\"><span class=\"ez-toc-section\" id=\"Kho_Tro_Choi_Tuong_Tac_Phong_Phu\"><\/span>Kho Tr\u00f2 Ch\u01a1i T\u01b0\u01a1ng T\u00e1c Phong Ph\u00fa<span class=\"ez-toc-section-end\"><\/span><\/h3>\n<p data-path-to-node=\"11\">\u0110\u1ebfn v\u1edbi <strong>SV66<\/strong>, b\u1ea1n s\u1ebd \u0111\u01b0\u1ee3c b\u01b0\u1edbc v\u00e0o m\u1ed9t kh\u00f4ng gian gi\u1ea3i tr\u00ed \u0111a m\u00e0u s\u1eafc. H\u1ec7 th\u1ed1ng li\u00ean t\u1ee5c c\u1eadp nh\u1eadt nh\u1eefng tr\u00f2 ch\u01a1i t\u01b0\u01a1ng t\u00e1c m\u1edbi nh\u1ea5t, t\u1eeb c\u00e1c th\u1eed th\u00e1ch t\u01b0 duy s\u1eafc b\u00e9n \u0111\u1ebfn nh\u1eefng ph\u00fat gi\u00e2y th\u01b0 gi\u00e3n nh\u1eb9 nh\u00e0ng c\u00f9ng \u0111\u1ed3 h\u1ecda 3D ch\u00e2n th\u1ef1c, \u0111\u00e1p \u1ee9ng tr\u1ecdn v\u1eb9n m\u1ecdi nhu c\u1ea7u gi\u1ea3i t\u1ecfa c\u0103ng th\u1eb3ng.<\/p>\n<figure id=\"attachment_45\" aria-describedby=\"caption-attachment-45\" style=\"width: 800px\" class=\"wp-caption aligncenter\"><img loading=\"lazy\" decoding=\"async\" class=\"size-full wp-image-45\" src=\"https:\/\/johnnysglenview.com\/wp-content\/uploads\/2025\/12\/toc-do-load-trang-web-cuc-nhanh-chong.jpg\" alt=\"T\u1ed1c \u0111\u1ed9 load trang web c\u1ef1c nhanh ch\u00f3ng\" width=\"800\" height=\"450\" srcset=\"https:\/\/johnnysglenview.com\/wp-content\/uploads\/2025\/12\/toc-do-load-trang-web-cuc-nhanh-chong.jpg 800w, https:\/\/johnnysglenview.com\/wp-content\/uploads\/2025\/12\/toc-do-load-trang-web-cuc-nhanh-chong-300x169.jpg 300w, https:\/\/johnnysglenview.com\/wp-content\/uploads\/2025\/12\/toc-do-load-trang-web-cuc-nhanh-chong-768x432.jpg 768w\" sizes=\"auto, (max-width: 800px) 100vw, 800px\" \/><figcaption id=\"caption-attachment-45\" class=\"wp-caption-text\">T\u1ed1c \u0111\u1ed9 load trang web c\u1ef1c nhanh ch\u00f3ng<\/figcaption><\/figure>\n<h3 data-path-to-node=\"12\"><span class=\"ez-toc-section\" id=\"Cong_Nghe_Bao_Mat_Thong_Tin_Chuan_Quoc_Te\"><\/span>C\u00f4ng Ngh\u1ec7 B\u1ea3o M\u1eadt Th\u00f4ng Tin Chu\u1ea9n Qu\u1ed1c T\u1ebf<span class=\"ez-toc-section-end\"><\/span><\/h3>\n<p data-path-to-node=\"13\"><i data-path-to-node=\"13\" data-index-in-node=\"0\">D\u1eef li\u1ec7u c\u1ee7a t\u00f4i c\u00f3 \u0111\u01b0\u1ee3c b\u1ea3o v\u1ec7 an to\u00e0n t\u1ea1i <strong>SV66<\/strong> kh\u00f4ng?<\/i> \u0110\u00e2y l\u00e0 v\u1ea5n \u0111\u1ec1 lu\u00f4n \u0111\u01b0\u1ee3c n\u1ec1n t\u1ea3ng \u0111\u1eb7t l\u00ean h\u00e0ng \u0111\u1ea7u. <strong>SV66<\/strong> \u1ee9ng d\u1ee5ng c\u00f4ng ngh\u1ec7 m\u00e3 h\u00f3a SSL 128-bit ti\u00ean ti\u1ebfn, t\u1ea1o ra m\u1ed9t b\u1ee9c t\u01b0\u1eddng l\u1eeda v\u1eefng ch\u1eafc b\u1ea3o v\u1ec7 quy\u1ec1n ri\u00eang t\u01b0 v\u00e0 l\u1ecbch s\u1eed thao t\u00e1c c\u1ee7a b\u1ea1n kh\u1ecfi m\u1ecdi r\u1ee7i ro v\u1ec1 an ninh m\u1ea1ng.<\/p>\n<h2 data-path-to-node=\"14\"><span class=\"ez-toc-section\" id=\"Huong_Dan_Cac_Buoc_Trai_Nghiem_Tai_SV66_Cho_Nguoi_Moi\"><\/span>H\u01b0\u1edbng D\u1eabn C\u00e1c B\u01b0\u1edbc Tr\u1ea3i Nghi\u1ec7m T\u1ea1i SV66 Cho Ng\u01b0\u1eddi M\u1edbi<span class=\"ez-toc-section-end\"><\/span><\/h2>\n<p data-path-to-node=\"15\">Quy tr\u00ecnh tham gia \u0111\u01b0\u1ee3c thi\u1ebft k\u1ebf tinh g\u1ecdn \u0111\u1ec3 ti\u1ebft ki\u1ec7m th\u1eddi gian cho ng\u01b0\u1eddi d\u00f9ng. B\u1ea1n ch\u1ec9 c\u1ea7n l\u00e0m theo 3 b\u01b0\u1edbc c\u01a1 b\u1ea3n sau:<\/p>\n<ul data-path-to-node=\"16\">\n<li>\n<p data-path-to-node=\"16,0,0\"><b data-path-to-node=\"16,0,0\" data-index-in-node=\"0\">B\u01b0\u1edbc 1 &#8211; Kh\u1edfi t\u1ea1o h\u1ed3 s\u01a1:<\/b> Truy c\u1eadp v\u00e0o website ch\u00ednh th\u1ee9c c\u1ee7a SV66, ch\u1ecdn m\u1ee5c \u0111\u0103ng k\u00fd v\u00e0 \u0111i\u1ec1n c\u00e1c th\u00f4ng tin x\u00e1c th\u1ef1c c\u01a1 b\u1ea3n \u0111\u1ec3 h\u1ec7 th\u1ed1ng ghi nh\u1eadn danh t\u00ednh.<\/p>\n<\/li>\n<li>\n<p data-path-to-node=\"16,1,0\"><b data-path-to-node=\"16,1,0\" data-index-in-node=\"0\">B\u01b0\u1edbc 2 &#8211; Li\u00ean k\u1ebft an to\u00e0n:<\/b> Th\u1ef1c hi\u1ec7n thi\u1ebft l\u1eadp c\u00e1c c\u1ed5ng li\u00ean k\u1ebft d\u1ecbch v\u1ee5 theo h\u01b0\u1edbng d\u1eabn nh\u1eb1m \u0111\u1ea3m b\u1ea3o qu\u00e1 tr\u00ecnh x\u1eed l\u00fd y\u00eau c\u1ea7u sau n\u00e0y di\u1ec5n ra tr\u01a1n tru v\u00e0 ch\u00ednh x\u00e1c.<\/p>\n<\/li>\n<li>\n<p data-path-to-node=\"16,2,0\"><b data-path-to-node=\"16,2,0\" data-index-in-node=\"0\">B\u01b0\u1edbc 3 &#8211; T\u1eadn h\u01b0\u1edfng d\u1ecbch v\u1ee5:<\/b> \u0110\u0103ng nh\u1eadp v\u00e0o s\u1ea3nh ch\u00ednh, nh\u1eadn c\u00e1c ch\u01b0\u01a1ng tr\u00ecnh tri \u00e2n h\u1ea5p d\u1eabn d\u00e0nh ri\u00eang cho h\u1ed9i vi\u00ean m\u1edbi v\u00e0 b\u1eaft \u0111\u1ea7u kh\u00e1m ph\u00e1 th\u1ebf gi\u1edbi gi\u1ea3i tr\u00ed \u0111\u1eb3ng c\u1ea5p.<\/p>\n<\/li>\n<\/ul>\n<figure id=\"attachment_47\" aria-describedby=\"caption-attachment-47\" style=\"width: 800px\" class=\"wp-caption aligncenter\"><img loading=\"lazy\" decoding=\"async\" class=\"size-full wp-image-47\" src=\"https:\/\/johnnysglenview.com\/wp-content\/uploads\/2025\/12\/thuc-hien-giao-dich-nap-rut-cuc-nhanh-gon.jpg\" alt=\"Th\u1ef1c hi\u1ec7n giao d\u1ecbch n\u1ea1p r\u00fat c\u1ef1c nhanh g\u1ecdn\" width=\"800\" height=\"450\" srcset=\"https:\/\/johnnysglenview.com\/wp-content\/uploads\/2025\/12\/thuc-hien-giao-dich-nap-rut-cuc-nhanh-gon.jpg 800w, https:\/\/johnnysglenview.com\/wp-content\/uploads\/2025\/12\/thuc-hien-giao-dich-nap-rut-cuc-nhanh-gon-300x169.jpg 300w, https:\/\/johnnysglenview.com\/wp-content\/uploads\/2025\/12\/thuc-hien-giao-dich-nap-rut-cuc-nhanh-gon-768x432.jpg 768w\" sizes=\"auto, (max-width: 800px) 100vw, 800px\" \/><figcaption id=\"caption-attachment-47\" class=\"wp-caption-text\">Th\u1ef1c hi\u1ec7n giao d\u1ecbch n\u1ea1p r\u00fat c\u1ef1c nhanh g\u1ecdn<\/figcaption><\/figure>\n<h2 data-path-to-node=\"17\"><span class=\"ez-toc-section\" id=\"Cau_Hoi_Thuong_Gap_FAQ_Ve_Nen_Tang_SV66\"><\/span>C\u00e2u H\u1ecfi Th\u01b0\u1eddng G\u1eb7p (FAQ) V\u1ec1 N\u1ec1n T\u1ea3ng SV66<span class=\"ez-toc-section-end\"><\/span><\/h2>\n<p data-path-to-node=\"18\"><b data-path-to-node=\"18\" data-index-in-node=\"0\">1. N\u1ec1n t\u1ea3ng SV66 c\u00f3 h\u1ed7 tr\u1ee3 tr\u00ean thi\u1ebft b\u1ecb di \u0111\u1ed9ng kh\u00f4ng?<\/b> Ho\u00e0n to\u00e0n c\u00f3. SV66 \u0111\u01b0\u1ee3c tinh ch\u1ec9nh ho\u00e0n h\u1ea3o cho n\u1ec1n t\u1ea3ng di \u0111\u1ed9ng, \u0111\u1ed3ng th\u1eddi cung c\u1ea5p \u1ee9ng d\u1ee5ng ri\u00eang bi\u1ec7t gi\u00fap b\u1ea1n d\u1ec5 d\u00e0ng th\u01b0 gi\u00e3n m\u1ecdi l\u00fac, m\u1ecdi n\u01a1i v\u1edbi thao t\u00e1c ch\u1ea1m c\u1ef1c nh\u1ea1y.<\/p>\n<p data-path-to-node=\"19\"><b data-path-to-node=\"19\" data-index-in-node=\"0\">2. T\u1ed1c \u0111\u1ed9 x\u1eed l\u00fd y\u00eau c\u1ea7u c\u1ee7a h\u1ec7 th\u1ed1ng l\u00e0 bao l\u00e2u?<\/b> Nh\u1edd \u1ee9ng d\u1ee5ng c\u00f4ng ngh\u1ec7 t\u1ef1 \u0111\u1ed9ng h\u00f3a hi\u1ec7n \u0111\u1ea1i, c\u00e1c y\u00eau c\u1ea7u thi\u1ebft l\u1eadp ho\u1eb7c thao t\u00e1c c\u1ee7a ng\u01b0\u1eddi d\u00f9ng tr\u00ean h\u1ec7 th\u1ed1ng th\u01b0\u1eddng \u0111\u01b0\u1ee3c ho\u00e0n thi\u1ec7n r\u1ea5t nhanh ch\u00f3ng, ch\u1ec9 trong kho\u1ea3ng 3 \u0111\u1ebfn 5 ph\u00fat.<\/p>\n<p data-path-to-node=\"20\"><b data-path-to-node=\"20\" data-index-in-node=\"0\">3. T\u00f4i c\u00f3 th\u1ec3 nh\u1eadn h\u1ed7 tr\u1ee3 t\u1eeb SV66 qua nh\u1eefng k\u00eanh n\u00e0o?<\/b> B\u1ed9 ph\u1eadn ch\u0103m s\u00f3c kh\u00e1ch h\u00e0ng chuy\u00ean nghi\u1ec7p c\u1ee7a SV66 lu\u00f4n t\u00fac tr\u1ef1c 24\/7. B\u1ea1n c\u00f3 th\u1ec3 d\u1ec5 d\u00e0ng li\u00ean h\u1ec7 qua t\u00ednh n\u0103ng chat tr\u1ef1c tuy\u1ebfn tr\u00ean website ho\u1eb7c c\u00e1c k\u00eanh li\u00ean l\u1ea1c ch\u00ednh th\u1ee9c \u0111\u1ec3 \u0111\u01b0\u1ee3c gi\u1ea3i \u0111\u00e1p k\u1ecbp th\u1eddi.<\/p>\n<h2 data-path-to-node=\"21\"><span class=\"ez-toc-section\" id=\"Ket_Luan\"><\/span>K\u1ebft Lu\u1eadn<span class=\"ez-toc-section-end\"><\/span><\/h2>\n<p data-path-to-node=\"22\">T\u00f3m l\u1ea1i, <b data-path-to-node=\"22\" data-index-in-node=\"9\">SV66<\/b> ho\u00e0n to\u00e0n x\u1ee9ng \u0111\u00e1ng v\u1edbi s\u1ef1 tin ch\u1ecdn c\u1ee7a ng\u01b0\u1eddi d\u00f9ng nh\u1edd d\u1ecbch v\u1ee5 chuy\u00ean nghi\u1ec7p, h\u1ec7 th\u1ed1ng b\u1ea3o m\u1eadt cao v\u00e0 kh\u00f4ng gian tr\u00f2 ch\u01a1i t\u01b0\u01a1ng t\u00e1c \u0111a d\u1ea1ng. \u0110\u00e2y h\u1ee9a h\u1eb9n l\u00e0 m\u1ed9t l\u1ef1a ch\u1ecdn l\u00fd t\u01b0\u1edfng \u0111\u1ec3 b\u1ea1n g\u00e1c l\u1ea1i nh\u1eefng b\u1ed9n b\u1ec1 h\u00e0ng ng\u00e0y v\u00e0 t\u1eadn h\u01b0\u1edfng s\u1ef1 th\u01b0 gi\u00e3n tr\u1ecdn v\u1eb9n.<\/p>\n\t\t<\/div>\n\n\t\t\n<style>\n#section_970027452 {\n  padding-top: 30px;\n  padding-bottom: 30px;\n}\n<\/style>\n\t<\/section>\n\t\n","protected":false},"excerpt":{"rendered":"","protected":false},"author":1,"featured_media":43,"parent":0,"menu_order":0,"comment_status":"closed","ping_status":"open","template":"","meta":{"footnotes":""},"class_list":["post-2","page","type-page","status-publish","has-post-thumbnail","hentry"],"_links":{"self":[{"href":"https:\/\/johnnysglenview.com\/wp-json\/wp\/v2\/pages\/2","targetHints":{"allow":["GET"]}}],"collection":[{"href":"https:\/\/johnnysglenview.com\/wp-json\/wp\/v2\/pages"}],"about":[{"href":"https:\/\/johnnysglenview.com\/wp-json\/wp\/v2\/types\/page"}],"author":[{"embeddable":true,"href":"https:\/\/johnnysglenview.com\/wp-json\/wp\/v2\/users\/1"}],"replies":[{"embeddable":true,"href":"https:\/\/johnnysglenview.com\/wp-json\/wp\/v2\/comments?post=2"}],"version-history":[{"count":26,"href":"https:\/\/johnnysglenview.com\/wp-json\/wp\/v2\/pages\/2\/revisions"}],"predecessor-version":[{"id":472,"href":"https:\/\/johnnysglenview.com\/wp-json\/wp\/v2\/pages\/2\/revisions\/472"}],"wp:featuredmedia":[{"embeddable":true,"href":"https:\/\/johnnysglenview.com\/wp-json\/wp\/v2\/media\/43"}],"wp:attachment":[{"href":"https:\/\/johnnysglenview.com\/wp-json\/wp\/v2\/media?parent=2"}],"curies":[{"name":"wp","href":"https:\/\/api.w.org\/{rel}","templated":true}]}}